{"id":234,"date":"2025-05-07T14:54:54","date_gmt":"2025-05-07T13:54:54","guid":{"rendered":"https:\/\/strategyevolve.com\/?page_id=234"},"modified":"2025-07-28T12:16:20","modified_gmt":"2025-07-28T11:16:20","slug":"234-2","status":"publish","type":"page","link":"https:\/\/strategyevolve.com\/pt\/234-2\/","title":{"rendered":"Impressum"},"content":{"rendered":"<div class=\"nfd-container nfd-p-lg  nfd-wb-headings__heading-23 is-style-nfd-theme-dark wp-block-group has-background nfd-divider-slant-invert nfd-bg-effect-grid-perspective has-global-padding is-layout-constrained wp-block-group-is-layout-constrained\" style=\"background-color:#3c83bd;margin-bottom:var(--wp--preset--spacing--50);padding-top:var(--wp--preset--spacing--20);padding-bottom:0\">\n<h2 class=\"nfd-text-contrast nfd-text-giga nfd-text-balance wp-block-heading has-text-align-center has-large-font-size nfd-wb-animate nfd-wb-fade-in-top-short\">Impressum<\/h2>\n<\/div>\n\n\n\n<p class=\"has-small-font-size\"><em>(Portuguese version below \/ vers\u00e3o em portugu\u00eas abaixo)<\/em><\/p>\n\n\n\n<p class=\"\"><strong>Information according to \u00a7 5 TMG<\/strong> <em> <\/em><\/p>\n\n\n\n<p class=\"\"><strong>Strategy Evolve GbR<\/strong><br>Partners: Marisa Rietdorf &amp; Max Rietdorf<br>Elsenheimerstra\u00dfe 15<br>80687 Munich<br>Germany<\/p>\n\n\n\n<p class=\"\">Email:<a> info@strategyevolve.com<\/a><\/p>\n\n\n\n<p class=\"\"><strong>Represented by:<\/strong><br>Marisa Rietdorf &amp; Max Rietdorf<\/p>\n\n\n\n<p class=\"\"><strong>Responsible for content according to \u00a7 55 (2) RStV:<\/strong><br>Marisa Rietdorf<br>Elsenheimerstra\u00dfe 15<br>80687 Munich<br>Germany<\/p>\n\n\n\n<p class=\"\"><strong>VAT identification number according to \u00a7 27a German VAT Act:<\/strong><br>To be added later.<\/p>\n\n\n\n<p class=\"\"><strong>Disclaimer:<\/strong><br>Despite careful content control, we assume no liability for the content of external links. The operators of linked pages are solely responsible for their content.<\/p>\n\n\n\n<h3 class=\"wp-block-heading has-medium-font-size\"><strong>Image Credits<\/strong><\/h3>\n\n\n\n<ul class=\"wp-block-list\">\n<li class=\"\">All images on this website are from Pexels.com and used under the Pexels license.<\/li>\n<\/ul>\n\n\n\n<p class=\"\">The European Commission provides a platform for online dispute resolution (ODR):<\/p>\n\n\n\n<figure class=\"wp-block-embed\"><div class=\"wp-block-embed__wrapper\">\nhttps:\/\/ec.europa.eu\/consumers\/odr\n<\/div><\/figure>\n\n\n\n<p class=\"\">You can find our e-mail address above.<\/p>\n\n\n\n<hr class=\"is-style-wide wp-block-separator has-alpha-channel-opacity\"\/>\n\n\n\n<p style=\"padding-top:var(--wp--preset--spacing--30)\" class=\"\"><strong>Strategy Evolve GbR<\/strong><br>S\u00f3cios: Marisa Rietdorf &amp; Max Rietdorf<br>Elsenheimerstra\u00dfe 15<br>80687 Munique<br>Alemanha<\/p>\n\n\n\n<p class=\"\">E-mail: <strong><a>info@strategyevolve.com<\/a><\/strong><\/p>\n\n\n\n<p class=\"\"><strong>Representada por:<\/strong><br>Marisa Rietdorf &amp; Max Rietdorf<\/p>\n\n\n\n<p class=\"\"><strong>Respons\u00e1vel pelo conte\u00fado de acordo com \u00a7 55 Abs. 2 RStV:<\/strong><br>Marisa Rietdorf<br>Elsenheimerstra\u00dfe 15<br>80687 Munique<\/p>\n\n\n\n<p class=\"\"><strong>N\u00famero de Identifica\u00e7\u00e3o do IVA de acordo com \u00a7 27a UStG:<\/strong><br>A ser informado posteriormente.<\/p>\n\n\n\n<p class=\"\"><strong>Isen\u00e7\u00e3o de responsabilidade:<\/strong><br>Apesar do cuidadoso controle do conte\u00fado, n\u00e3o assumimos qualquer responsabilidade pelo conte\u00fado de links externos. O conte\u00fado das p\u00e1ginas vinculadas \u00e9 de exclusiva responsabilidade dos respectivos operadores.<\/p>\n\n\n\n<p class=\"\"><strong>Cr\u00e9ditos das imagens<\/strong><\/p>\n\n\n\n<p class=\"\">Todas as imagens deste site s\u00e3o provenientes do Pexels.com e est\u00e3o sob a licen\u00e7a Pexels.<\/p>\n\n\n\n<p class=\"\"><strong>Responsabilidade pelo conte\u00fado:<\/strong><\/p>\n\n\n\n<p class=\"\">Os conte\u00fados de nossas p\u00e1ginas foram criados com o m\u00e1ximo cuidado. No entanto, n\u00e3o podemos garantir a precis\u00e3o, integridade e atualidade desses conte\u00fados.<\/p>\n\n\n\n<p class=\"\"><strong>Resolu\u00e7\u00e3o de conflitos:<\/strong><\/p>\n\n\n\n<p class=\"\">A Comiss\u00e3o Europeia disponibiliza uma plataforma para a resolu\u00e7\u00e3o de lit\u00edgios online (OS):<\/p>\n\n\n\n<figure class=\"wp-block-embed\"><div class=\"wp-block-embed__wrapper\">\nhttps:\/\/ec.europa.eu\/consumers\/odr\n<\/div><\/figure>\n\n\n\n<p class=\"\">Nosso endere\u00e7o de e-mail pode ser encontrado acima.<\/p>\n\n\n\n<p class=\"\">&nbsp;<\/p>\n\n\n\n<p class=\"\"><\/p>\n\n\n\n<p class=\"\"><\/p>","protected":false},"excerpt":{"rendered":"<p>Impressum (Portuguese version below \/ vers\u00e3o em portugu\u00eas abaixo) Information according to \u00a7 5 TMG Strategy Evolve GbRPartners: Marisa Rietdorf &amp; Max RietdorfElsenheimerstra\u00dfe 1580687 MunichGermany Email: info@strategyevolve.com Represented by:Marisa Rietdorf &amp; Max Rietdorf Responsible for content according to \u00a7 55 (2) RStV:Marisa RietdorfElsenheimerstra\u00dfe 1580687 MunichGermany VAT identification number according to \u00a7 27a German VAT Act:To [&hellip;]<\/p>\n","protected":false},"author":1,"featured_media":0,"parent":0,"menu_order":0,"comment_status":"closed","ping_status":"closed","template":"","meta":{"_acf_changed":false,"nf_dc_page":"","om_disable_all_campaigns":false,"_monsterinsights_skip_tracking":false,"_monsterinsights_sitenote_active":false,"_monsterinsights_sitenote_note":"","_monsterinsights_sitenote_category":0,"_kadence_starter_templates_imported_post":false,"footnotes":""},"class_list":["post-234","page","type-page","status-publish","hentry"],"acf":[],"yoast_head":"<!-- This site is optimized with the Yoast SEO plugin v27.5 - https:\/\/yoast.com\/product\/yoast-seo-wordpress\/ -->\n<title>Impressum - Strategy Evolve<\/title>\n<meta name=\"robots\" content=\"index, follow, max-snippet:-1, max-image-preview:large, max-video-preview:-1\" \/>\n<link rel=\"canonical\" href=\"https:\/\/strategyevolve.com\/pt\/234-2\/\" \/>\n<meta property=\"og:locale\" content=\"pt_BR\" \/>\n<meta property=\"og:type\" content=\"article\" \/>\n<meta property=\"og:title\" content=\"Impressum - Strategy Evolve\" \/>\n<meta property=\"og:description\" content=\"Impressum (Portuguese version below \/ vers\u00e3o em portugu\u00eas abaixo) Information according to \u00a7 5 TMG Strategy Evolve GbRPartners: Marisa Rietdorf &amp; Max RietdorfElsenheimerstra\u00dfe 1580687 MunichGermany Email: info@strategyevolve.com Represented by:Marisa Rietdorf &amp; Max Rietdorf Responsible for content according to \u00a7 55 (2) RStV:Marisa RietdorfElsenheimerstra\u00dfe 1580687 MunichGermany VAT identification number according to \u00a7 27a German VAT Act:To [&hellip;]\" \/>\n<meta property=\"og:url\" content=\"https:\/\/strategyevolve.com\/pt\/234-2\/\" \/>\n<meta property=\"og:site_name\" content=\"Strategy Evolve\" \/>\n<meta property=\"article:modified_time\" content=\"2025-07-28T11:16:20+00:00\" \/>\n<meta name=\"twitter:card\" content=\"summary_large_image\" \/>\n<meta name=\"twitter:label1\" content=\"Est. tempo de leitura\" \/>\n\t<meta name=\"twitter:data1\" content=\"2 minutos\" \/>\n<script type=\"application\/ld+json\" class=\"yoast-schema-graph\">{\"@context\":\"https:\\\/\\\/schema.org\",\"@graph\":[{\"@type\":\"WebPage\",\"@id\":\"https:\\\/\\\/strategyevolve.com\\\/234-2\\\/\",\"url\":\"https:\\\/\\\/strategyevolve.com\\\/234-2\\\/\",\"name\":\"Impressum - Strategy Evolve\",\"isPartOf\":{\"@id\":\"https:\\\/\\\/strategyevolve.com\\\/#website\"},\"datePublished\":\"2025-05-07T13:54:54+00:00\",\"dateModified\":\"2025-07-28T11:16:20+00:00\",\"breadcrumb\":{\"@id\":\"https:\\\/\\\/strategyevolve.com\\\/234-2\\\/#breadcrumb\"},\"inLanguage\":\"pt-BR\",\"potentialAction\":[{\"@type\":\"ReadAction\",\"target\":[\"https:\\\/\\\/strategyevolve.com\\\/234-2\\\/\"]}]},{\"@type\":\"BreadcrumbList\",\"@id\":\"https:\\\/\\\/strategyevolve.com\\\/234-2\\\/#breadcrumb\",\"itemListElement\":[{\"@type\":\"ListItem\",\"position\":1,\"name\":\"Home\",\"item\":\"https:\\\/\\\/strategyevolve.com\\\/\"},{\"@type\":\"ListItem\",\"position\":2,\"name\":\"Impressum\"}]},{\"@type\":\"WebSite\",\"@id\":\"https:\\\/\\\/strategyevolve.com\\\/#website\",\"url\":\"https:\\\/\\\/strategyevolve.com\\\/\",\"name\":\"Strategy Evolve\",\"description\":\"Accelerating Scientific Innovation\",\"publisher\":{\"@id\":\"https:\\\/\\\/strategyevolve.com\\\/#organization\"},\"potentialAction\":[{\"@type\":\"SearchAction\",\"target\":{\"@type\":\"EntryPoint\",\"urlTemplate\":\"https:\\\/\\\/strategyevolve.com\\\/?s={search_term_string}\"},\"query-input\":{\"@type\":\"PropertyValueSpecification\",\"valueRequired\":true,\"valueName\":\"search_term_string\"}}],\"inLanguage\":\"pt-BR\"},{\"@type\":\"Organization\",\"@id\":\"https:\\\/\\\/strategyevolve.com\\\/#organization\",\"name\":\"Strategy Evolve\",\"url\":\"https:\\\/\\\/strategyevolve.com\\\/\",\"logo\":{\"@type\":\"ImageObject\",\"inLanguage\":\"pt-BR\",\"@id\":\"https:\\\/\\\/strategyevolve.com\\\/#\\\/schema\\\/logo\\\/image\\\/\",\"url\":\"https:\\\/\\\/strategyevolve.com\\\/wp-content\\\/uploads\\\/2025\\\/03\\\/logo-final-opcao-1-1.png\",\"contentUrl\":\"https:\\\/\\\/strategyevolve.com\\\/wp-content\\\/uploads\\\/2025\\\/03\\\/logo-final-opcao-1-1.png\",\"width\":340,\"height\":340,\"caption\":\"Strategy Evolve\"},\"image\":{\"@id\":\"https:\\\/\\\/strategyevolve.com\\\/#\\\/schema\\\/logo\\\/image\\\/\"}}]}<\/script>\n<!-- \/ Yoast SEO plugin. -->","yoast_head_json":{"title":"Impressum - Strategy Evolve","robots":{"index":"index","follow":"follow","max-snippet":"max-snippet:-1","max-image-preview":"max-image-preview:large","max-video-preview":"max-video-preview:-1"},"canonical":"https:\/\/strategyevolve.com\/pt\/234-2\/","og_locale":"pt_BR","og_type":"article","og_title":"Impressum - Strategy Evolve","og_description":"Impressum (Portuguese version below \/ vers\u00e3o em portugu\u00eas abaixo) Information according to \u00a7 5 TMG Strategy Evolve GbRPartners: Marisa Rietdorf &amp; Max RietdorfElsenheimerstra\u00dfe 1580687 MunichGermany Email: info@strategyevolve.com Represented by:Marisa Rietdorf &amp; Max Rietdorf Responsible for content according to \u00a7 55 (2) RStV:Marisa RietdorfElsenheimerstra\u00dfe 1580687 MunichGermany VAT identification number according to \u00a7 27a German VAT Act:To [&hellip;]","og_url":"https:\/\/strategyevolve.com\/pt\/234-2\/","og_site_name":"Strategy Evolve","article_modified_time":"2025-07-28T11:16:20+00:00","twitter_card":"summary_large_image","twitter_misc":{"Est. tempo de leitura":"2 minutos"},"schema":{"@context":"https:\/\/schema.org","@graph":[{"@type":"WebPage","@id":"https:\/\/strategyevolve.com\/234-2\/","url":"https:\/\/strategyevolve.com\/234-2\/","name":"Impressum - Strategy Evolve","isPartOf":{"@id":"https:\/\/strategyevolve.com\/#website"},"datePublished":"2025-05-07T13:54:54+00:00","dateModified":"2025-07-28T11:16:20+00:00","breadcrumb":{"@id":"https:\/\/strategyevolve.com\/234-2\/#breadcrumb"},"inLanguage":"pt-BR","potentialAction":[{"@type":"ReadAction","target":["https:\/\/strategyevolve.com\/234-2\/"]}]},{"@type":"BreadcrumbList","@id":"https:\/\/strategyevolve.com\/234-2\/#breadcrumb","itemListElement":[{"@type":"ListItem","position":1,"name":"Home","item":"https:\/\/strategyevolve.com\/"},{"@type":"ListItem","position":2,"name":"Impressum"}]},{"@type":"WebSite","@id":"https:\/\/strategyevolve.com\/#website","url":"https:\/\/strategyevolve.com\/","name":"Strategy Evolve","description":"Acelerando a Inova\u00e7\u00e3o Cient\u00edfica","publisher":{"@id":"https:\/\/strategyevolve.com\/#organization"},"potentialAction":[{"@type":"SearchAction","target":{"@type":"EntryPoint","urlTemplate":"https:\/\/strategyevolve.com\/?s={search_term_string}"},"query-input":{"@type":"PropertyValueSpecification","valueRequired":true,"valueName":"search_term_string"}}],"inLanguage":"pt-BR"},{"@type":"Organization","@id":"https:\/\/strategyevolve.com\/#organization","name":"Strategy Evolve","url":"https:\/\/strategyevolve.com\/","logo":{"@type":"ImageObject","inLanguage":"pt-BR","@id":"https:\/\/strategyevolve.com\/#\/schema\/logo\/image\/","url":"https:\/\/strategyevolve.com\/wp-content\/uploads\/2025\/03\/logo-final-opcao-1-1.png","contentUrl":"https:\/\/strategyevolve.com\/wp-content\/uploads\/2025\/03\/logo-final-opcao-1-1.png","width":340,"height":340,"caption":"Strategy Evolve"},"image":{"@id":"https:\/\/strategyevolve.com\/#\/schema\/logo\/image\/"}}]}},"_links":{"self":[{"href":"https:\/\/strategyevolve.com\/pt\/wp-json\/wp\/v2\/pages\/234","targetHints":{"allow":["GET"]}}],"collection":[{"href":"https:\/\/strategyevolve.com\/pt\/wp-json\/wp\/v2\/pages"}],"about":[{"href":"https:\/\/strategyevolve.com\/pt\/wp-json\/wp\/v2\/types\/page"}],"author":[{"embeddable":true,"href":"https:\/\/strategyevolve.com\/pt\/wp-json\/wp\/v2\/users\/1"}],"replies":[{"embeddable":true,"href":"https:\/\/strategyevolve.com\/pt\/wp-json\/wp\/v2\/comments?post=234"}],"version-history":[{"count":15,"href":"https:\/\/strategyevolve.com\/pt\/wp-json\/wp\/v2\/pages\/234\/revisions"}],"predecessor-version":[{"id":535,"href":"https:\/\/strategyevolve.com\/pt\/wp-json\/wp\/v2\/pages\/234\/revisions\/535"}],"wp:attachment":[{"href":"https:\/\/strategyevolve.com\/pt\/wp-json\/wp\/v2\/media?parent=234"}],"curies":[{"name":"wp","href":"https:\/\/api.w.org\/{rel}","templated":true}]}}