{"id":289,"date":"2025-05-20T11:03:03","date_gmt":"2025-05-20T10:03:03","guid":{"rendered":"https:\/\/strategyevolve.com\/?page_id=289"},"modified":"2025-07-16T12:50:58","modified_gmt":"2025-07-16T11:50:58","slug":"our-services","status":"publish","type":"page","link":"https:\/\/strategyevolve.com\/pt\/our-services\/","title":{"rendered":"Our services"},"content":{"rendered":"<div class=\"nfd-container nfd-p-lg  nfd-wb-headings__heading-23 is-style-nfd-theme-dark wp-block-group has-background nfd-divider-slant-invert nfd-bg-effect-grid-perspective has-global-padding is-layout-constrained wp-block-group-is-layout-constrained\" style=\"background-color:#3c83bd;margin-bottom:var(--wp--preset--spacing--50);padding-top:var(--wp--preset--spacing--50);padding-bottom:var(--wp--preset--spacing--20)\">\n<h2 class=\"nfd-text-contrast nfd-text-giga nfd-text-balance wp-block-heading has-text-align-center nfd-wb-animate nfd-wb-fade-in-top-short\">Nossos servi\u00e7os<\/h2>\n\n\n\n<div style=\"height:16px\" aria-hidden=\"true\" class=\"wp-block-spacer\"><\/div>\n<\/div>\n\n\n\n<p class=\"\"><br><br><\/p>\n\n\n\n<div class=\"nfd-container nfd-p-lg nfd-wb-faq__faq-2 is-style-nfd-theme-white wp-block-group has-global-padding is-layout-constrained wp-block-group-is-layout-constrained\" style=\"margin-top:0;margin-bottom:0;padding-top:0;padding-bottom:0\">\n<div class=\"nfd-gap-xl nfd-gap-y-2xl wp-block-columns is-layout-flex wp-container-core-columns-is-layout-28f84493 wp-block-columns-is-layout-flex\">\n<div class=\"wp-block-column is-layout-flow wp-block-column-is-layout-flow\" style=\"flex-basis:45%\">\n<h2 class=\"wp-block-heading nfd-text-huge nfd-text-balance has-text-color has-link-color has-xx-large-font-size nfd-wb-animate nfd-wb-fade-in-left-short nfd-delay-150 wp-elements-940c2013212459523184fc9a03ac8fad\" style=\"color:#3c83bd\"><strong>Estrat\u00e9gia &amp; Gest\u00e3o de Projetos Cient\u00edficos<\/strong><br><\/h2>\n<\/div>\n\n\n\n<div class=\"wp-block-column is-layout-flow wp-block-column-is-layout-flow\" style=\"flex-basis:66.66%\">\n<div class=\"nfd-grid nfd-grid-cols-2 wp-block-group nfd-wb-animate nfd-wb-fade-in-left-short nfd-delay-450 is-nowrap is-layout-flex wp-container-core-group-is-layout-768fc57f wp-block-group-is-layout-flex\">\n<div class=\"nfd-gap-y-xl wp-block-group is-vertical is-layout-flex wp-container-core-group-is-layout-fe9cc265 wp-block-group-is-layout-flex\">\n<div class=\"nfd-gap-sm wp-block-group is-vertical is-layout-flex wp-container-core-group-is-layout-fe9cc265 wp-block-group-is-layout-flex\">\n<h3 class=\"wp-block-heading nfd-text-md nfd-text-primary has-text-color has-link-color wp-elements-fee80739455ca3b4f27309ae3c0c30f1\" style=\"color:#1a94ff;font-style:normal;font-weight:500\">Planejamento de Projetos Cient\u00edficos<\/h3>\n\n\n\n<p class=\"nfd-text-faded nfd-text-base\">Auxiliamos na conceitua\u00e7\u00e3o e estrutura\u00e7\u00e3o de projetos de pesquisa, garantindo clareza de escopo, objetivos e aloca\u00e7\u00e3o de recursos.<\/p>\n<\/div>\n\n\n\n<div class=\"nfd-gap-sm wp-block-group is-vertical is-layout-flex wp-container-core-group-is-layout-fe9cc265 wp-block-group-is-layout-flex\">\n<h3 class=\"wp-block-heading nfd-text-md nfd-text-primary has-text-color has-link-color wp-elements-a0ae8dc01e849576f533f5eb2a21d412\" style=\"color:#1a94ff;font-style:normal;font-weight:500\">Monitoramento &amp; Avalia\u00e7\u00e3o<\/h3>\n\n\n\n<p class=\"nfd-text-faded nfd-text-base\">N\u00f3s projetamos e implementamos estruturas para medir o desempenho, os resultados e o impacto do projeto, ideais para programas de pesquisa institucionais e financiados por bolsas.<\/p>\n<\/div>\n<\/div>\n\n\n\n<div class=\"nfd-gap-y-xl wp-block-group is-vertical is-layout-flex wp-container-core-group-is-layout-fe9cc265 wp-block-group-is-layout-flex\">\n<div class=\"nfd-gap-sm wp-block-group is-vertical is-layout-flex wp-container-core-group-is-layout-fe9cc265 wp-block-group-is-layout-flex\">\n<h3 class=\"wp-block-heading nfd-text-md nfd-text-primary has-text-color has-link-color wp-elements-f8ae3db8a07275dcc8a4a4215000759a\" style=\"color:#1a94ff;font-style:normal;font-weight:500\">Coordena\u00e7\u00e3o Internacional de Projetos<\/h3>\n\n\n\n<p class=\"nfd-text-faded nfd-text-base\">Nossa equipe gerencia projetos de pesquisa multinacionais e multiparceiros, garantindo colabora\u00e7\u00e3o cont\u00ednua e conformidade com os requisitos de financiamento e relat\u00f3rios.<\/p>\n<\/div>\n<\/div>\n<\/div>\n<\/div>\n<\/div>\n\n\n\n<div class=\"nfd-gap-xl nfd-gap-y-2xl wp-block-columns is-layout-flex wp-container-core-columns-is-layout-28f84493 wp-block-columns-is-layout-flex\">\n<div class=\"wp-block-column is-layout-flow wp-block-column-is-layout-flow\" style=\"flex-basis:45%\">\n<h2 class=\"wp-block-heading nfd-text-huge nfd-text-balance has-text-color has-link-color nfd-wb-animate nfd-wb-fade-in-left-short nfd-delay-150 wp-elements-e75cbde90aa5b370d2626f8d99d8e133\" style=\"color:#3c83bd\"><strong>Desenvolvimento Organizacional &amp; Lideran\u00e7a em Ci\u00eancia<\/strong><\/h2>\n<\/div>\n\n\n\n<div class=\"wp-block-column is-layout-flow wp-block-column-is-layout-flow\" style=\"flex-basis:66.66%\">\n<div class=\"nfd-grid nfd-grid-cols-2 wp-block-group nfd-wb-animate nfd-wb-fade-in-left-short nfd-delay-450 is-nowrap is-layout-flex wp-container-core-group-is-layout-768fc57f wp-block-group-is-layout-flex\">\n<div class=\"nfd-gap-y-xl wp-block-group is-vertical is-layout-flex wp-container-core-group-is-layout-fe9cc265 wp-block-group-is-layout-flex\">\n<div class=\"nfd-gap-sm wp-block-group is-vertical is-layout-flex wp-container-core-group-is-layout-fe9cc265 wp-block-group-is-layout-flex\">\n<h3 class=\"wp-block-heading nfd-text-md nfd-text-primary has-text-color has-link-color wp-elements-0479cfed76320afaae544f1e28b310ab\" style=\"color:#1a94ff;font-style:normal;font-weight:500\">Treinamento de Lideran\u00e7a Cient\u00edfica<\/h3>\n\n\n\n<p class=\"nfd-text-faded nfd-text-base\">N\u00f3s orientamos l\u00edderes emergentes e estabelecidos em institui\u00e7\u00f5es de pesquisa sobre como liderar equipes, gerenciar conflitos e impulsionar a colabora\u00e7\u00e3o interdisciplinar.<\/p>\n<\/div>\n\n\n\n<div class=\"nfd-gap-sm wp-block-group is-vertical is-layout-flex wp-container-core-group-is-layout-fe9cc265 wp-block-group-is-layout-flex\">\n<h3 class=\"wp-block-heading nfd-text-md nfd-text-primary has-text-color has-link-color wp-elements-ff49801383a7a0d12ce8813e0e96ce55\" style=\"color:#1a94ff;font-style:normal;font-weight:500\">Desenvolvimento de Talentos &amp; Estrutura\u00e7\u00e3o de Fun\u00e7\u00f5es<\/h3>\n\n\n\n<p class=\"nfd-text-faded nfd-text-base\">Avaliamos as capacidades da equipe e fornecemos orienta\u00e7\u00e3o sobre clareza de fun\u00e7\u00f5es, estrat\u00e9gia de recrutamento e planejamento de sucess\u00e3o em organiza\u00e7\u00f5es cient\u00edficas.<\/p>\n<\/div>\n<\/div>\n\n\n\n<div class=\"nfd-gap-y-xl wp-block-group is-vertical is-layout-flex wp-container-core-group-is-layout-fe9cc265 wp-block-group-is-layout-flex\">\n<div class=\"nfd-gap-sm wp-block-group is-vertical is-layout-flex wp-container-core-group-is-layout-fe9cc265 wp-block-group-is-layout-flex\">\n<h3 class=\"wp-block-heading nfd-text-md nfd-text-primary has-text-color has-link-color wp-elements-eb36c2a976b87a2b1502cb9fe482ebe4\" style=\"color:#1a94ff;font-style:normal;font-weight:500\">Din\u00e2mica de Equipe &amp; Comunica\u00e7\u00e3o<\/h3>\n\n\n\n<p class=\"nfd-text-faded nfd-text-base\">Ajudamos equipes cient\u00edficas a construir estruturas de comunica\u00e7\u00e3o fortes, reduzir o trabalho isolado e cultivar uma cultura de propriedade compartilhada e inova\u00e7\u00e3o.<\/p>\n<\/div>\n<\/div>\n<\/div>\n<\/div>\n<\/div>\n\n\n\n<div class=\"nfd-gap-xl nfd-gap-y-2xl wp-block-columns is-layout-flex wp-container-core-columns-is-layout-28f84493 wp-block-columns-is-layout-flex\">\n<div class=\"wp-block-column is-layout-flow wp-block-column-is-layout-flow\" style=\"flex-basis:45%\">\n<h2 class=\"wp-block-heading nfd-text-huge nfd-text-balance has-text-color has-link-color nfd-wb-animate nfd-wb-fade-in-left-short nfd-delay-150 wp-elements-3f34fe271086ad933476e9f60784f98b\" style=\"color:#3c83bd\"><strong>Inova\u00e7\u00e3o &amp; Efici\u00eancia Operacional<\/strong><\/h2>\n<\/div>\n\n\n\n<div class=\"wp-block-column is-layout-flow wp-block-column-is-layout-flow\" style=\"flex-basis:66.66%\">\n<div class=\"nfd-grid nfd-grid-cols-2 wp-block-group nfd-wb-animate nfd-wb-fade-in-left-short nfd-delay-450 is-nowrap is-layout-flex wp-container-core-group-is-layout-768fc57f wp-block-group-is-layout-flex\">\n<div class=\"nfd-gap-y-xl wp-block-group is-vertical is-layout-flex wp-container-core-group-is-layout-fe9cc265 wp-block-group-is-layout-flex\">\n<div class=\"nfd-gap-sm wp-block-group is-vertical is-layout-flex wp-container-core-group-is-layout-fe9cc265 wp-block-group-is-layout-flex\">\n<h3 class=\"wp-block-heading nfd-text-md nfd-text-primary has-text-color has-link-color wp-elements-1c76c238b25bf09c24a443beb218238d\" style=\"color:#1a94ff;font-style:normal;font-weight:500\">Otimiza\u00e7\u00e3o de Fluxo de Trabalho &amp; Processos<\/h3>\n\n\n\n<p class=\"nfd-text-faded nfd-text-base\">Simplificamos os processos administrativos, t\u00e9cnicos e de dados para garantir que as equipes de pesquisa gastem menos tempo com dificuldades e mais tempo com descobertas.<\/p>\n<\/div>\n\n\n\n<div class=\"nfd-gap-sm wp-block-group is-vertical is-layout-flex wp-container-core-group-is-layout-fe9cc265 wp-block-group-is-layout-flex\">\n<h3 class=\"wp-block-heading nfd-text-md nfd-text-primary has-text-color has-link-color wp-elements-05c3a982f5043fd3d6b582ea3eb37ee2\" style=\"color:#1a94ff;font-style:normal;font-weight:500\">Posicionamento Estrat\u00e9gico para Financiamento &amp; Parcerias<\/h3>\n\n\n\n<p class=\"nfd-text-faded nfd-text-base\">Ajudamos voc\u00ea a moldar narrativas atraentes e propostas estrat\u00e9gicas para garantir financiamento e construir colabora\u00e7\u00f5es de alto valor no ecossistema cient\u00edfico.<\/p>\n<\/div>\n<\/div>\n\n\n\n<div class=\"nfd-gap-y-xl wp-block-group is-vertical is-layout-flex wp-container-core-group-is-layout-fe9cc265 wp-block-group-is-layout-flex\">\n<div class=\"nfd-gap-sm wp-block-group is-vertical is-layout-flex wp-container-core-group-is-layout-fe9cc265 wp-block-group-is-layout-flex\">\n<h3 class=\"wp-block-heading nfd-text-md nfd-text-primary has-text-color has-link-color wp-elements-988a4ab60bc0f0fc9c23b546212cc38f\" style=\"color:#1a94ff;font-style:normal;font-weight:500\">Integra\u00e7\u00e3o de Tecnologia &amp; Ferramentas<\/h3>\n\n\n\n<p class=\"nfd-text-faded nfd-text-base\">Orientamos a integra\u00e7\u00e3o de ferramentas e plataformas digitais para dar suporte ao rastreamento de projetos, compartilhamento de dados e coordena\u00e7\u00e3o multifuncional.<\/p>\n<\/div>\n<\/div>\n<\/div>\n<\/div>\n<\/div>\n\n\n\n<div style=\"height:40px\" aria-hidden=\"true\" class=\"wp-block-spacer\"><\/div>\n\n\n\n<div class=\"nfd-container wp-block-group has-global-padding is-layout-constrained wp-container-core-group-is-layout-49668c41 wp-block-group-is-layout-constrained\" style=\"padding-bottom:var(--wp--preset--spacing--40)\">\n<div class=\"nfd-p-card-md nfd-gap-xl nfd-shadow-xs  nfd-rounded is-style-nfd-theme-light wp-block-group is-content-justification-space-between is-layout-flex wp-container-core-group-is-layout-9366075c wp-block-group-is-layout-flex\">\n<div class=\"nfd-gap-md wp-block-group is-layout-flex wp-block-group-is-layout-flex\">\n<figure class=\"is-style-rounded wp-block-image size-full is-resized is-style-rounded--1\"><img loading=\"lazy\" decoding=\"async\" width=\"1010\" height=\"1024\" src=\"https:\/\/strategyevolve.com\/wp-content\/uploads\/2025\/05\/a-female-doctor-using-a-laptop-for-an-online-consultation-wearing-a-headset-in-a-bright-office.-7195310-scaled-e1747735256752.jpg\" alt=\"A female doctor using a laptop for an online consultation, wearing a headset in a bright office.\" class=\"wp-image-293\" style=\"object-fit:cover;width:60px;height:60px\" srcset=\"https:\/\/strategyevolve.com\/wp-content\/uploads\/2025\/05\/a-female-doctor-using-a-laptop-for-an-online-consultation-wearing-a-headset-in-a-bright-office.-7195310-scaled-e1747735256752.jpg 1010w, https:\/\/strategyevolve.com\/wp-content\/uploads\/2025\/05\/a-female-doctor-using-a-laptop-for-an-online-consultation-wearing-a-headset-in-a-bright-office.-7195310-scaled-e1747735256752-296x300.jpg 296w, https:\/\/strategyevolve.com\/wp-content\/uploads\/2025\/05\/a-female-doctor-using-a-laptop-for-an-online-consultation-wearing-a-headset-in-a-bright-office.-7195310-scaled-e1747735256752-768x779.jpg 768w\" sizes=\"auto, (max-width: 1010px) 100vw, 1010px\" \/><\/figure>\n\n\n\n<div class=\"nfd-gap-0 wp-block-group is-vertical is-layout-flex wp-container-core-group-is-layout-fe9cc265 wp-block-group-is-layout-flex\">\n<p class=\"nfd-text-md\" style=\"font-style:normal;font-weight:600\">Tem alguma d\u00favida?<\/p>\n\n\n\n<p class=\"nfd-text-base nfd-text-faded\">Estamos aqui para ajudar. Vamos conversar.<\/p>\n<\/div>\n<\/div>\n\n\n\n<div class=\"wp-block-buttons is-layout-flex wp-block-buttons-is-layout-flex\">\n<div class=\"nfd-btn-wide  wp-block-button\"><a class=\"wp-block-button__link has-base-2-color has-text-color has-background has-link-color wp-element-button\" href=\"http:\/\/strategyevolve.com\/pt\/contact\/\" style=\"background-color:#336c90\">Contate-nos<\/a><\/div>\n<\/div>\n<\/div>\n<\/div>\n<\/div>","protected":false},"excerpt":{"rendered":"<p>Our Services Scientific Project Strategy &amp; Management Scientific Project Planning We assist in the conceptualization and structuring of research projects, ensuring clarity of scope, milestones, and resource allocation. Monitoring &amp; Evaluation (M&amp;E) We design and implement frameworks to measure project performance, outputs, and impact\u2014ideal for grant-funded and institutional research programs. International Project Coordination Our team [&hellip;]<\/p>\n","protected":false},"author":1,"featured_media":0,"parent":0,"menu_order":0,"comment_status":"closed","ping_status":"closed","template":"","meta":{"_acf_changed":false,"nf_dc_page":"","om_disable_all_campaigns":false,"_monsterinsights_skip_tracking":false,"_monsterinsights_sitenote_active":false,"_monsterinsights_sitenote_note":"","_monsterinsights_sitenote_category":0,"_kadence_starter_templates_imported_post":false,"footnotes":""},"class_list":["post-289","page","type-page","status-publish","hentry"],"acf":[],"yoast_head":"<!-- This site is optimized with the Yoast SEO plugin v27.5 - https:\/\/yoast.com\/product\/yoast-seo-wordpress\/ -->\n<title>Our services - Strategy Evolve<\/title>\n<meta name=\"robots\" content=\"index, follow, max-snippet:-1, max-image-preview:large, max-video-preview:-1\" \/>\n<link rel=\"canonical\" href=\"https:\/\/strategyevolve.com\/pt\/our-services\/\" \/>\n<meta property=\"og:locale\" content=\"pt_BR\" \/>\n<meta property=\"og:type\" content=\"article\" \/>\n<meta property=\"og:title\" content=\"Our services - Strategy Evolve\" \/>\n<meta property=\"og:description\" content=\"Our Services Scientific Project Strategy &amp; Management Scientific Project Planning We assist in the conceptualization and structuring of research projects, ensuring clarity of scope, milestones, and resource allocation. Monitoring &amp; Evaluation (M&amp;E) We design and implement frameworks to measure project performance, outputs, and impact\u2014ideal for grant-funded and institutional research programs. International Project Coordination Our team [&hellip;]\" \/>\n<meta property=\"og:url\" content=\"https:\/\/strategyevolve.com\/pt\/our-services\/\" \/>\n<meta property=\"og:site_name\" content=\"Strategy Evolve\" \/>\n<meta property=\"article:modified_time\" content=\"2025-07-16T11:50:58+00:00\" \/>\n<meta property=\"og:image\" content=\"https:\/\/strategyevolve.com\/wp-content\/uploads\/2025\/05\/a-female-doctor-using-a-laptop-for-an-online-consultation-wearing-a-headset-in-a-bright-office.-7195310-scaled-e1747735256752.jpg\" \/>\n\t<meta property=\"og:image:width\" content=\"1010\" \/>\n\t<meta property=\"og:image:height\" content=\"1024\" \/>\n\t<meta property=\"og:image:type\" content=\"image\/jpeg\" \/>\n<meta name=\"twitter:card\" content=\"summary_large_image\" \/>\n<meta name=\"twitter:label1\" content=\"Est. tempo de leitura\" \/>\n\t<meta name=\"twitter:data1\" content=\"2 minutos\" \/>\n<script type=\"application\/ld+json\" class=\"yoast-schema-graph\">{\"@context\":\"https:\\\/\\\/schema.org\",\"@graph\":[{\"@type\":\"WebPage\",\"@id\":\"https:\\\/\\\/strategyevolve.com\\\/our-services\\\/\",\"url\":\"https:\\\/\\\/strategyevolve.com\\\/our-services\\\/\",\"name\":\"Our services - Strategy Evolve\",\"isPartOf\":{\"@id\":\"https:\\\/\\\/strategyevolve.com\\\/#website\"},\"primaryImageOfPage\":{\"@id\":\"https:\\\/\\\/strategyevolve.com\\\/our-services\\\/#primaryimage\"},\"image\":{\"@id\":\"https:\\\/\\\/strategyevolve.com\\\/our-services\\\/#primaryimage\"},\"thumbnailUrl\":\"https:\\\/\\\/strategyevolve.com\\\/wp-content\\\/uploads\\\/2025\\\/05\\\/a-female-doctor-using-a-laptop-for-an-online-consultation-wearing-a-headset-in-a-bright-office.-7195310-scaled-e1747735256752.jpg\",\"datePublished\":\"2025-05-20T10:03:03+00:00\",\"dateModified\":\"2025-07-16T11:50:58+00:00\",\"breadcrumb\":{\"@id\":\"https:\\\/\\\/strategyevolve.com\\\/our-services\\\/#breadcrumb\"},\"inLanguage\":\"pt-BR\",\"potentialAction\":[{\"@type\":\"ReadAction\",\"target\":[\"https:\\\/\\\/strategyevolve.com\\\/our-services\\\/\"]}]},{\"@type\":\"ImageObject\",\"inLanguage\":\"pt-BR\",\"@id\":\"https:\\\/\\\/strategyevolve.com\\\/our-services\\\/#primaryimage\",\"url\":\"https:\\\/\\\/strategyevolve.com\\\/wp-content\\\/uploads\\\/2025\\\/05\\\/a-female-doctor-using-a-laptop-for-an-online-consultation-wearing-a-headset-in-a-bright-office.-7195310-scaled-e1747735256752.jpg\",\"contentUrl\":\"https:\\\/\\\/strategyevolve.com\\\/wp-content\\\/uploads\\\/2025\\\/05\\\/a-female-doctor-using-a-laptop-for-an-online-consultation-wearing-a-headset-in-a-bright-office.-7195310-scaled-e1747735256752.jpg\"},{\"@type\":\"BreadcrumbList\",\"@id\":\"https:\\\/\\\/strategyevolve.com\\\/our-services\\\/#breadcrumb\",\"itemListElement\":[{\"@type\":\"ListItem\",\"position\":1,\"name\":\"Home\",\"item\":\"https:\\\/\\\/strategyevolve.com\\\/\"},{\"@type\":\"ListItem\",\"position\":2,\"name\":\"Our services\"}]},{\"@type\":\"WebSite\",\"@id\":\"https:\\\/\\\/strategyevolve.com\\\/#website\",\"url\":\"https:\\\/\\\/strategyevolve.com\\\/\",\"name\":\"Strategy Evolve\",\"description\":\"Accelerating Scientific Innovation\",\"publisher\":{\"@id\":\"https:\\\/\\\/strategyevolve.com\\\/#organization\"},\"potentialAction\":[{\"@type\":\"SearchAction\",\"target\":{\"@type\":\"EntryPoint\",\"urlTemplate\":\"https:\\\/\\\/strategyevolve.com\\\/?s={search_term_string}\"},\"query-input\":{\"@type\":\"PropertyValueSpecification\",\"valueRequired\":true,\"valueName\":\"search_term_string\"}}],\"inLanguage\":\"pt-BR\"},{\"@type\":\"Organization\",\"@id\":\"https:\\\/\\\/strategyevolve.com\\\/#organization\",\"name\":\"Strategy Evolve\",\"url\":\"https:\\\/\\\/strategyevolve.com\\\/\",\"logo\":{\"@type\":\"ImageObject\",\"inLanguage\":\"pt-BR\",\"@id\":\"https:\\\/\\\/strategyevolve.com\\\/#\\\/schema\\\/logo\\\/image\\\/\",\"url\":\"https:\\\/\\\/strategyevolve.com\\\/wp-content\\\/uploads\\\/2025\\\/03\\\/logo-final-opcao-1-1.png\",\"contentUrl\":\"https:\\\/\\\/strategyevolve.com\\\/wp-content\\\/uploads\\\/2025\\\/03\\\/logo-final-opcao-1-1.png\",\"width\":340,\"height\":340,\"caption\":\"Strategy Evolve\"},\"image\":{\"@id\":\"https:\\\/\\\/strategyevolve.com\\\/#\\\/schema\\\/logo\\\/image\\\/\"}}]}<\/script>\n<!-- \/ Yoast SEO plugin. -->","yoast_head_json":{"title":"Our services - Strategy Evolve","robots":{"index":"index","follow":"follow","max-snippet":"max-snippet:-1","max-image-preview":"max-image-preview:large","max-video-preview":"max-video-preview:-1"},"canonical":"https:\/\/strategyevolve.com\/pt\/our-services\/","og_locale":"pt_BR","og_type":"article","og_title":"Our services - Strategy Evolve","og_description":"Our Services Scientific Project Strategy &amp; Management Scientific Project Planning We assist in the conceptualization and structuring of research projects, ensuring clarity of scope, milestones, and resource allocation. Monitoring &amp; Evaluation (M&amp;E) We design and implement frameworks to measure project performance, outputs, and impact\u2014ideal for grant-funded and institutional research programs. International Project Coordination Our team [&hellip;]","og_url":"https:\/\/strategyevolve.com\/pt\/our-services\/","og_site_name":"Strategy Evolve","article_modified_time":"2025-07-16T11:50:58+00:00","og_image":[{"width":1010,"height":1024,"url":"https:\/\/strategyevolve.com\/wp-content\/uploads\/2025\/05\/a-female-doctor-using-a-laptop-for-an-online-consultation-wearing-a-headset-in-a-bright-office.-7195310-scaled-e1747735256752.jpg","type":"image\/jpeg"}],"twitter_card":"summary_large_image","twitter_misc":{"Est. tempo de leitura":"2 minutos"},"schema":{"@context":"https:\/\/schema.org","@graph":[{"@type":"WebPage","@id":"https:\/\/strategyevolve.com\/our-services\/","url":"https:\/\/strategyevolve.com\/our-services\/","name":"Our services - Strategy Evolve","isPartOf":{"@id":"https:\/\/strategyevolve.com\/#website"},"primaryImageOfPage":{"@id":"https:\/\/strategyevolve.com\/our-services\/#primaryimage"},"image":{"@id":"https:\/\/strategyevolve.com\/our-services\/#primaryimage"},"thumbnailUrl":"https:\/\/strategyevolve.com\/wp-content\/uploads\/2025\/05\/a-female-doctor-using-a-laptop-for-an-online-consultation-wearing-a-headset-in-a-bright-office.-7195310-scaled-e1747735256752.jpg","datePublished":"2025-05-20T10:03:03+00:00","dateModified":"2025-07-16T11:50:58+00:00","breadcrumb":{"@id":"https:\/\/strategyevolve.com\/our-services\/#breadcrumb"},"inLanguage":"pt-BR","potentialAction":[{"@type":"ReadAction","target":["https:\/\/strategyevolve.com\/our-services\/"]}]},{"@type":"ImageObject","inLanguage":"pt-BR","@id":"https:\/\/strategyevolve.com\/our-services\/#primaryimage","url":"https:\/\/strategyevolve.com\/wp-content\/uploads\/2025\/05\/a-female-doctor-using-a-laptop-for-an-online-consultation-wearing-a-headset-in-a-bright-office.-7195310-scaled-e1747735256752.jpg","contentUrl":"https:\/\/strategyevolve.com\/wp-content\/uploads\/2025\/05\/a-female-doctor-using-a-laptop-for-an-online-consultation-wearing-a-headset-in-a-bright-office.-7195310-scaled-e1747735256752.jpg"},{"@type":"BreadcrumbList","@id":"https:\/\/strategyevolve.com\/our-services\/#breadcrumb","itemListElement":[{"@type":"ListItem","position":1,"name":"Home","item":"https:\/\/strategyevolve.com\/"},{"@type":"ListItem","position":2,"name":"Our services"}]},{"@type":"WebSite","@id":"https:\/\/strategyevolve.com\/#website","url":"https:\/\/strategyevolve.com\/","name":"Strategy Evolve","description":"Acelerando a Inova\u00e7\u00e3o Cient\u00edfica","publisher":{"@id":"https:\/\/strategyevolve.com\/#organization"},"potentialAction":[{"@type":"SearchAction","target":{"@type":"EntryPoint","urlTemplate":"https:\/\/strategyevolve.com\/?s={search_term_string}"},"query-input":{"@type":"PropertyValueSpecification","valueRequired":true,"valueName":"search_term_string"}}],"inLanguage":"pt-BR"},{"@type":"Organization","@id":"https:\/\/strategyevolve.com\/#organization","name":"Strategy Evolve","url":"https:\/\/strategyevolve.com\/","logo":{"@type":"ImageObject","inLanguage":"pt-BR","@id":"https:\/\/strategyevolve.com\/#\/schema\/logo\/image\/","url":"https:\/\/strategyevolve.com\/wp-content\/uploads\/2025\/03\/logo-final-opcao-1-1.png","contentUrl":"https:\/\/strategyevolve.com\/wp-content\/uploads\/2025\/03\/logo-final-opcao-1-1.png","width":340,"height":340,"caption":"Strategy Evolve"},"image":{"@id":"https:\/\/strategyevolve.com\/#\/schema\/logo\/image\/"}}]}},"_links":{"self":[{"href":"https:\/\/strategyevolve.com\/pt\/wp-json\/wp\/v2\/pages\/289","targetHints":{"allow":["GET"]}}],"collection":[{"href":"https:\/\/strategyevolve.com\/pt\/wp-json\/wp\/v2\/pages"}],"about":[{"href":"https:\/\/strategyevolve.com\/pt\/wp-json\/wp\/v2\/types\/page"}],"author":[{"embeddable":true,"href":"https:\/\/strategyevolve.com\/pt\/wp-json\/wp\/v2\/users\/1"}],"replies":[{"embeddable":true,"href":"https:\/\/strategyevolve.com\/pt\/wp-json\/wp\/v2\/comments?post=289"}],"version-history":[{"count":20,"href":"https:\/\/strategyevolve.com\/pt\/wp-json\/wp\/v2\/pages\/289\/revisions"}],"predecessor-version":[{"id":513,"href":"https:\/\/strategyevolve.com\/pt\/wp-json\/wp\/v2\/pages\/289\/revisions\/513"}],"wp:attachment":[{"href":"https:\/\/strategyevolve.com\/pt\/wp-json\/wp\/v2\/media?parent=289"}],"curies":[{"name":"wp","href":"https:\/\/api.w.org\/{rel}","templated":true}]}}