{"id":391,"date":"2025-05-20T16:59:25","date_gmt":"2025-05-20T15:59:25","guid":{"rendered":"https:\/\/strategyevolve.com\/?page_id=391"},"modified":"2025-05-21T13:17:24","modified_gmt":"2025-05-21T12:17:24","slug":"contact","status":"publish","type":"page","link":"https:\/\/strategyevolve.com\/pt\/contact\/","title":{"rendered":"Contact"},"content":{"rendered":"<div class=\"nfd-container nfd-p-lg  nfd-wb-headings__heading-23 is-style-nfd-theme-dark wp-block-group has-background nfd-divider-slant-invert nfd-bg-effect-grid-perspective has-global-padding is-layout-constrained wp-block-group-is-layout-constrained\" style=\"background-color:#3c83bd;margin-bottom:var(--wp--preset--spacing--50);padding-top:var(--wp--preset--spacing--50);padding-bottom:var(--wp--preset--spacing--20)\">\n<h2 class=\"nfd-text-contrast nfd-text-giga nfd-text-balance wp-block-heading has-text-align-center nfd-wb-animate nfd-wb-fade-in-top-short\">Contate-nos<\/h2>\n\n\n\n<div style=\"height:16px\" aria-hidden=\"true\" class=\"wp-block-spacer\"><\/div>\n<\/div>\n\n\n\n<div class=\"wp-block-group has-global-padding is-layout-constrained wp-block-group-is-layout-constrained\">\n<h2 class=\"wp-block-heading\"><br><\/h2>\n<\/div>\n\n\n\n<p class=\"\"><\/p>\n\n\n\n<div class=\"wp-block-group has-global-padding is-layout-constrained wp-container-core-group-is-layout-839c3b89 wp-block-group-is-layout-constrained\">\n<p class=\"\">Estamos aqui para apoiar suas iniciativas cient\u00edficas e estrat\u00e9gicas. Se voc\u00ea tiver d\u00favidas sobre nossos servi\u00e7os, estiver explorando poss\u00edveis colabora\u00e7\u00f5es ou precisar de orienta\u00e7\u00e3o personalizada para o seu projeto, teremos prazer em atend\u00ea-lo.<br><br>Preencha o formul\u00e1rio abaixo e um membro da nossa equipe entrar\u00e1 em contato com voc\u00ea em breve.<\/p>\n\n\n<div class=\"wp-block-kadence-advanced-form wp-block-kadence-advanced-form393-cpt-id kb-adv-form-label-style-normal kb-adv-form-input-size-standard kb-form-basic-style wp-block-kadence-advanced-form\"><form id=\"kb-adv-form-393-cpt-id\" class=\"kb-advanced-form\" method=\"post\" action=\"\">\n<div class=\"kb-row-layout-wrap kb-row-layout-id391_608fc5-a7 alignnone wp-block-kadence-rowlayout\"><div class=\"kt-row-column-wrap kt-has-2-columns kt-row-layout-equal kt-tab-layout-inherit kt-mobile-layout-row kt-row-valign-top\">\n\n<div class=\"wp-block-kadence-column kadence-column391_b8ed3e-41\"><div class=\"kt-inside-inner-col\"><div class=\"kb-adv-form-field kb-adv-form-text-type-input kb-adv-form-infield-type-input kb-field39344b0b1-01 wp-block-kadence-advanced-form-text\"><label class=\"kb-adv-form-label\" for=\"field39344b0b1-01\">Nome<\/label><input name=\"field44b0b1-01\" id=\"field39344b0b1-01\" data-label=\"Name\" type=\"text\" placeholder=\"\" value=\"\" data-type=\"text\" class=\"kb-field kb-text-field\" data-required=\"no\" \/><\/div><\/div><\/div>\n\n\n\n<div class=\"wp-block-kadence-column kadence-column391_b74866-0b\"><div class=\"kt-inside-inner-col\"><div class=\"kb-adv-form-field kb-adv-form-text-type-input kb-adv-form-infield-type-input kb-field3933bb827-4e wp-block-kadence-advanced-form-email\"><label class=\"kb-adv-form-label\" for=\"field3933bb827-4e\">Email<span class=\"kb-adv-form-required\">*<\/span><\/label><input name=\"field3bb827-4e\" id=\"field3933bb827-4e\" data-label=\"Email\" type=\"email\" placeholder=\"\" value=\"\" data-type=\"email\" class=\"kb-field kb-email-field\" data-required=\"yes\" required aria-required=\"true\"\/><\/div><\/div><\/div>\n\n<\/div><\/div>\n\n<div class=\"kb-adv-form-field kb-adv-form-text-type-input kb-adv-form-infield-type-input kb-field393823d58-a6 wp-block-kadence-advanced-form-textarea\"><label class=\"kb-adv-form-label\" for=\"field393823d58-a6\">Mensagem<span class=\"kb-adv-form-required\">*<\/span><\/label><textarea name=\"field823d58-a6\" id=\"field393823d58-a6\" rows=\"3\"  data-label=\"Message\" placeholder=\"\" data-type=\"textarea\" class=\"kb-field kb-textarea-field\" data-required=\"yes\" required aria-required=\"true\"><\/textarea><\/div>\n\n<div class=\"kb-adv-form-field kb-submit-field kb-field6d99a5-ba wp-block-kadence-advanced-form-submit\"><button class=\"kb-button kt-button button kb-adv-form-submit-button kb-btn6d99a5-ba kt-btn-size-standard kt-btn-width-type-auto kb-btn-global-fill kt-btn-has-text-true kt-btn-has-svg-false\" type=\"submit\"><span class=\"kt-btn-inner-text\">Enviar<\/span><\/button><\/div>\n<input type=\"hidden\" name=\"_kb_adv_form_post_id\" value=\"393\"><input type=\"hidden\" name=\"action\" value=\"kb_process_advanced_form_submit\"><input type=\"hidden\" name=\"_kb_adv_form_id\" value=\"393-cpt-id\"><input type=\"hidden\" name=\"trp-form-language\" value=\"pt\"\/><\/form><\/div><\/div>\n\n\n\n<p class=\"\"><\/p>","protected":false},"excerpt":{"rendered":"<p>Contact Us We\u2019re here to support your scientific and strategic initiatives. Whether you have questions about our services, are exploring potential collaborations, or need tailored guidance for your project \u2014 we\u2019d be happy to hear from you. Please fill out the form below, and a member of our team will get back to you shortly.<\/p>","protected":false},"author":1,"featured_media":0,"parent":0,"menu_order":0,"comment_status":"closed","ping_status":"closed","template":"","meta":{"_acf_changed":false,"nf_dc_page":"","om_disable_all_campaigns":false,"_monsterinsights_skip_tracking":false,"_monsterinsights_sitenote_active":false,"_monsterinsights_sitenote_note":"","_monsterinsights_sitenote_category":0,"_kadence_starter_templates_imported_post":false,"footnotes":""},"class_list":["post-391","page","type-page","status-publish","hentry"],"acf":[],"yoast_head":"<!-- This site is optimized with the Yoast SEO plugin v27.5 - https:\/\/yoast.com\/product\/yoast-seo-wordpress\/ -->\n<title>Contact - Strategy Evolve<\/title>\n<meta name=\"robots\" content=\"index, follow, max-snippet:-1, max-image-preview:large, max-video-preview:-1\" \/>\n<link rel=\"canonical\" href=\"https:\/\/strategyevolve.com\/pt\/contact\/\" \/>\n<meta property=\"og:locale\" content=\"pt_BR\" \/>\n<meta property=\"og:type\" content=\"article\" \/>\n<meta property=\"og:title\" content=\"Contact - Strategy Evolve\" \/>\n<meta property=\"og:description\" content=\"Contact Us We\u2019re here to support your scientific and strategic initiatives. Whether you have questions about our services, are exploring potential collaborations, or need tailored guidance for your project \u2014 we\u2019d be happy to hear from you. Please fill out the form below, and a member of our team will get back to you shortly.\" \/>\n<meta property=\"og:url\" content=\"https:\/\/strategyevolve.com\/pt\/contact\/\" \/>\n<meta property=\"og:site_name\" content=\"Strategy Evolve\" \/>\n<meta property=\"article:modified_time\" content=\"2025-05-21T12:17:24+00:00\" \/>\n<meta name=\"twitter:card\" content=\"summary_large_image\" \/>\n<meta name=\"twitter:label1\" content=\"Est. tempo de leitura\" \/>\n\t<meta name=\"twitter:data1\" content=\"1 minuto\" \/>\n<script type=\"application\/ld+json\" class=\"yoast-schema-graph\">{\"@context\":\"https:\\\/\\\/schema.org\",\"@graph\":[{\"@type\":\"WebPage\",\"@id\":\"https:\\\/\\\/strategyevolve.com\\\/contact\\\/\",\"url\":\"https:\\\/\\\/strategyevolve.com\\\/contact\\\/\",\"name\":\"Contact - Strategy Evolve\",\"isPartOf\":{\"@id\":\"https:\\\/\\\/strategyevolve.com\\\/#website\"},\"datePublished\":\"2025-05-20T15:59:25+00:00\",\"dateModified\":\"2025-05-21T12:17:24+00:00\",\"breadcrumb\":{\"@id\":\"https:\\\/\\\/strategyevolve.com\\\/contact\\\/#breadcrumb\"},\"inLanguage\":\"pt-BR\",\"potentialAction\":[{\"@type\":\"ReadAction\",\"target\":[\"https:\\\/\\\/strategyevolve.com\\\/contact\\\/\"]}]},{\"@type\":\"BreadcrumbList\",\"@id\":\"https:\\\/\\\/strategyevolve.com\\\/contact\\\/#breadcrumb\",\"itemListElement\":[{\"@type\":\"ListItem\",\"position\":1,\"name\":\"Home\",\"item\":\"https:\\\/\\\/strategyevolve.com\\\/\"},{\"@type\":\"ListItem\",\"position\":2,\"name\":\"Contact\"}]},{\"@type\":\"WebSite\",\"@id\":\"https:\\\/\\\/strategyevolve.com\\\/#website\",\"url\":\"https:\\\/\\\/strategyevolve.com\\\/\",\"name\":\"Strategy Evolve\",\"description\":\"Accelerating Scientific Innovation\",\"publisher\":{\"@id\":\"https:\\\/\\\/strategyevolve.com\\\/#organization\"},\"potentialAction\":[{\"@type\":\"SearchAction\",\"target\":{\"@type\":\"EntryPoint\",\"urlTemplate\":\"https:\\\/\\\/strategyevolve.com\\\/?s={search_term_string}\"},\"query-input\":{\"@type\":\"PropertyValueSpecification\",\"valueRequired\":true,\"valueName\":\"search_term_string\"}}],\"inLanguage\":\"pt-BR\"},{\"@type\":\"Organization\",\"@id\":\"https:\\\/\\\/strategyevolve.com\\\/#organization\",\"name\":\"Strategy Evolve\",\"url\":\"https:\\\/\\\/strategyevolve.com\\\/\",\"logo\":{\"@type\":\"ImageObject\",\"inLanguage\":\"pt-BR\",\"@id\":\"https:\\\/\\\/strategyevolve.com\\\/#\\\/schema\\\/logo\\\/image\\\/\",\"url\":\"https:\\\/\\\/strategyevolve.com\\\/wp-content\\\/uploads\\\/2025\\\/03\\\/logo-final-opcao-1-1.png\",\"contentUrl\":\"https:\\\/\\\/strategyevolve.com\\\/wp-content\\\/uploads\\\/2025\\\/03\\\/logo-final-opcao-1-1.png\",\"width\":340,\"height\":340,\"caption\":\"Strategy Evolve\"},\"image\":{\"@id\":\"https:\\\/\\\/strategyevolve.com\\\/#\\\/schema\\\/logo\\\/image\\\/\"}}]}<\/script>\n<!-- \/ Yoast SEO plugin. -->","yoast_head_json":{"title":"Contact - Strategy Evolve","robots":{"index":"index","follow":"follow","max-snippet":"max-snippet:-1","max-image-preview":"max-image-preview:large","max-video-preview":"max-video-preview:-1"},"canonical":"https:\/\/strategyevolve.com\/pt\/contact\/","og_locale":"pt_BR","og_type":"article","og_title":"Contact - Strategy Evolve","og_description":"Contact Us We\u2019re here to support your scientific and strategic initiatives. Whether you have questions about our services, are exploring potential collaborations, or need tailored guidance for your project \u2014 we\u2019d be happy to hear from you. Please fill out the form below, and a member of our team will get back to you shortly.","og_url":"https:\/\/strategyevolve.com\/pt\/contact\/","og_site_name":"Strategy Evolve","article_modified_time":"2025-05-21T12:17:24+00:00","twitter_card":"summary_large_image","twitter_misc":{"Est. tempo de leitura":"1 minuto"},"schema":{"@context":"https:\/\/schema.org","@graph":[{"@type":"WebPage","@id":"https:\/\/strategyevolve.com\/contact\/","url":"https:\/\/strategyevolve.com\/contact\/","name":"Contact - Strategy Evolve","isPartOf":{"@id":"https:\/\/strategyevolve.com\/#website"},"datePublished":"2025-05-20T15:59:25+00:00","dateModified":"2025-05-21T12:17:24+00:00","breadcrumb":{"@id":"https:\/\/strategyevolve.com\/contact\/#breadcrumb"},"inLanguage":"pt-BR","potentialAction":[{"@type":"ReadAction","target":["https:\/\/strategyevolve.com\/contact\/"]}]},{"@type":"BreadcrumbList","@id":"https:\/\/strategyevolve.com\/contact\/#breadcrumb","itemListElement":[{"@type":"ListItem","position":1,"name":"Home","item":"https:\/\/strategyevolve.com\/"},{"@type":"ListItem","position":2,"name":"Contact"}]},{"@type":"WebSite","@id":"https:\/\/strategyevolve.com\/#website","url":"https:\/\/strategyevolve.com\/","name":"Strategy Evolve","description":"Acelerando a Inova\u00e7\u00e3o Cient\u00edfica","publisher":{"@id":"https:\/\/strategyevolve.com\/#organization"},"potentialAction":[{"@type":"SearchAction","target":{"@type":"EntryPoint","urlTemplate":"https:\/\/strategyevolve.com\/?s={search_term_string}"},"query-input":{"@type":"PropertyValueSpecification","valueRequired":true,"valueName":"search_term_string"}}],"inLanguage":"pt-BR"},{"@type":"Organization","@id":"https:\/\/strategyevolve.com\/#organization","name":"Strategy Evolve","url":"https:\/\/strategyevolve.com\/","logo":{"@type":"ImageObject","inLanguage":"pt-BR","@id":"https:\/\/strategyevolve.com\/#\/schema\/logo\/image\/","url":"https:\/\/strategyevolve.com\/wp-content\/uploads\/2025\/03\/logo-final-opcao-1-1.png","contentUrl":"https:\/\/strategyevolve.com\/wp-content\/uploads\/2025\/03\/logo-final-opcao-1-1.png","width":340,"height":340,"caption":"Strategy Evolve"},"image":{"@id":"https:\/\/strategyevolve.com\/#\/schema\/logo\/image\/"}}]}},"_links":{"self":[{"href":"https:\/\/strategyevolve.com\/pt\/wp-json\/wp\/v2\/pages\/391","targetHints":{"allow":["GET"]}}],"collection":[{"href":"https:\/\/strategyevolve.com\/pt\/wp-json\/wp\/v2\/pages"}],"about":[{"href":"https:\/\/strategyevolve.com\/pt\/wp-json\/wp\/v2\/types\/page"}],"author":[{"embeddable":true,"href":"https:\/\/strategyevolve.com\/pt\/wp-json\/wp\/v2\/users\/1"}],"replies":[{"embeddable":true,"href":"https:\/\/strategyevolve.com\/pt\/wp-json\/wp\/v2\/comments?post=391"}],"version-history":[{"count":14,"href":"https:\/\/strategyevolve.com\/pt\/wp-json\/wp\/v2\/pages\/391\/revisions"}],"predecessor-version":[{"id":440,"href":"https:\/\/strategyevolve.com\/pt\/wp-json\/wp\/v2\/pages\/391\/revisions\/440"}],"wp:attachment":[{"href":"https:\/\/strategyevolve.com\/pt\/wp-json\/wp\/v2\/media?parent=391"}],"curies":[{"name":"wp","href":"https:\/\/api.w.org\/{rel}","templated":true}]}}