{"id":500,"date":"2025-07-14T11:57:18","date_gmt":"2025-07-14T10:57:18","guid":{"rendered":"https:\/\/strategyevolve.com\/?page_id=500"},"modified":"2025-07-28T12:13:43","modified_gmt":"2025-07-28T11:13:43","slug":"cookie-notice","status":"publish","type":"page","link":"https:\/\/strategyevolve.com\/pt\/cookie-notice\/","title":{"rendered":"Cookies"},"content":{"rendered":"\n<div class=\"nfd-container nfd-p-lg  nfd-wb-headings__heading-23 is-style-nfd-theme-dark wp-block-group has-background nfd-divider-slant-invert nfd-bg-effect-grid-perspective has-global-padding is-layout-constrained wp-block-group-is-layout-constrained\" style=\"background-color:#3c83bd;margin-bottom:var(--wp--preset--spacing--50);padding-top:var(--wp--preset--spacing--20);padding-bottom:0\">\n<h2 class=\"nfd-text-contrast nfd-text-giga nfd-text-balance wp-block-heading has-text-align-center has-large-font-size nfd-wb-animate nfd-wb-fade-in-top-short\">Cookie Notice<\/h2>\n<\/div>\n\n\n\n<p class=\"has-small-font-size\"><em>(Portuguese version below \/ vers\u00e3o em portugu\u00eas abaixo) <\/em><\/p>\n\n\n\n<p style=\"padding-top:var(--wp--preset--spacing--20)\" class=\"\"><strong>This website uses cookies<\/strong><br>We use cookies to enhance your browsing experience, personalize content, and analyze traffic. You can choose which categories of cookies you want to allow.<\/p>\n\n\n\n<p class=\"\">[Accept all] [Only necessary cookies] [Manage settings]<\/p>\n\n\n\n<p class=\"\"><strong>Cookie categories:<\/strong><\/p>\n\n\n\n<ul class=\"wp-block-list\">\n<li class=\"\"><strong>Necessary:<\/strong> Required for basic functionality and security<\/li>\n\n\n\n<li class=\"\"><strong>Statistics:<\/strong> Help us understand how visitors use our site (e.g., Google Analytics)<\/li>\n\n\n\n<li class=\"\"><strong>Marketing:<\/strong> Used by third parties to display personalized ads<\/li>\n<\/ul>\n\n\n\n<p style=\"padding-top:0\" class=\"\">For more information, see our <a href=\"https:\/\/strategyevolve.com\/privacy-policy\/\">Privacy Policy<\/a>.<\/p>\n\n\n\n<hr class=\"is-style-wide wp-block-separator has-alpha-channel-opacity\"\/>\n\n\n\n<p style=\"padding-top:var(--wp--preset--spacing--20)\" class=\"\"><strong>Cookies<\/strong><\/p>\n\n\n\n<p class=\"\"><strong>Este site utiliza cookies<\/strong><br>Utilizamos cookies para tornar nosso site mais f\u00e1cil de usar, personalizar conte\u00fados e analisar acessos.<br>Voc\u00ea pode escolher quais cookies deseja permitir.<\/p>\n\n\n\n<p class=\"\">[<strong>Aceitar todos<\/strong>] [<strong>Somente cookies necess\u00e1rios<\/strong>] [<strong>Configura\u00e7\u00f5es<\/strong>]<\/p>\n\n\n\n<p class=\"\"><strong>Categorias de cookies:<\/strong><\/p>\n\n\n\n<p class=\"\"><strong>Necess\u00e1rios:<\/strong> Essenciais para o funcionamento do site<\/p>\n\n\n\n<p class=\"\"><strong>Estat\u00edstica:<\/strong> Para an\u00e1lise an\u00f4nima do uso do site<\/p>\n\n\n\n<p class=\"\"><strong>Marketing:<\/strong> Cookies de terceiros para personaliza\u00e7\u00e3o de publicidade<\/p>\n\n\n\n<p class=\"\">Mais informa\u00e7\u00f5es podem ser encontradas em nossa <strong><a href=\"https:\/\/strategyevolve.com\/privacy-policy\/\">Pol\u00edtica de Privacidade<\/a><\/strong>.<\/p>\n","protected":false},"excerpt":{"rendered":"<p>Cookie Notice (Portuguese version below \/ vers\u00e3o em portugu\u00eas abaixo) This website uses cookiesWe use cookies to enhance your browsing experience, personalize content, and analyze traffic. You can choose which categories of cookies you want to allow. [Accept all] [Only necessary cookies] [Manage settings] Cookie categories: For more information, see our Privacy Policy. Cookies Este [&hellip;]<\/p>\n","protected":false},"author":1,"featured_media":0,"parent":0,"menu_order":0,"comment_status":"closed","ping_status":"closed","template":"","meta":{"_acf_changed":false,"nf_dc_page":"","om_disable_all_campaigns":false,"_monsterinsights_skip_tracking":false,"_monsterinsights_sitenote_active":false,"_monsterinsights_sitenote_note":"","_monsterinsights_sitenote_category":0,"_kadence_starter_templates_imported_post":false,"footnotes":""},"class_list":["post-500","page","type-page","status-publish","hentry"],"acf":[],"yoast_head":"<!-- This site is optimized with the Yoast SEO plugin v27.5 - https:\/\/yoast.com\/product\/yoast-seo-wordpress\/ -->\n<title>Cookie Notice - Strategy Evolve<\/title>\n<meta name=\"robots\" content=\"index, follow, max-snippet:-1, max-image-preview:large, max-video-preview:-1\" \/>\n<link rel=\"canonical\" href=\"https:\/\/strategyevolve.com\/pt\/cookie-notice\/\" \/>\n<meta property=\"og:locale\" content=\"pt_BR\" \/>\n<meta property=\"og:type\" content=\"article\" \/>\n<meta property=\"og:title\" content=\"Cookie Notice - Strategy Evolve\" \/>\n<meta property=\"og:description\" content=\"Cookie Notice (Portuguese version below \/ vers\u00e3o em portugu\u00eas abaixo) This website uses cookiesWe use cookies to enhance your browsing experience, personalize content, and analyze traffic. You can choose which categories of cookies you want to allow. [Accept all] [Only necessary cookies] [Manage settings] Cookie categories: For more information, see our Privacy Policy. Cookies Este [&hellip;]\" \/>\n<meta property=\"og:url\" content=\"https:\/\/strategyevolve.com\/pt\/cookie-notice\/\" \/>\n<meta property=\"og:site_name\" content=\"Strategy Evolve\" \/>\n<meta property=\"article:modified_time\" content=\"2025-07-28T11:13:43+00:00\" \/>\n<meta name=\"twitter:card\" content=\"summary_large_image\" \/>\n<meta name=\"twitter:label1\" content=\"Est. tempo de leitura\" \/>\n\t<meta name=\"twitter:data1\" content=\"1 minuto\" \/>\n<script type=\"application\/ld+json\" class=\"yoast-schema-graph\">{\"@context\":\"https:\\\/\\\/schema.org\",\"@graph\":[{\"@type\":\"WebPage\",\"@id\":\"https:\\\/\\\/strategyevolve.com\\\/cookie-notice\\\/\",\"url\":\"https:\\\/\\\/strategyevolve.com\\\/cookie-notice\\\/\",\"name\":\"Cookie Notice - Strategy Evolve\",\"isPartOf\":{\"@id\":\"https:\\\/\\\/strategyevolve.com\\\/#website\"},\"datePublished\":\"2025-07-14T10:57:18+00:00\",\"dateModified\":\"2025-07-28T11:13:43+00:00\",\"breadcrumb\":{\"@id\":\"https:\\\/\\\/strategyevolve.com\\\/cookie-notice\\\/#breadcrumb\"},\"inLanguage\":\"pt-BR\",\"potentialAction\":[{\"@type\":\"ReadAction\",\"target\":[\"https:\\\/\\\/strategyevolve.com\\\/cookie-notice\\\/\"]}]},{\"@type\":\"BreadcrumbList\",\"@id\":\"https:\\\/\\\/strategyevolve.com\\\/cookie-notice\\\/#breadcrumb\",\"itemListElement\":[{\"@type\":\"ListItem\",\"position\":1,\"name\":\"Home\",\"item\":\"https:\\\/\\\/strategyevolve.com\\\/\"},{\"@type\":\"ListItem\",\"position\":2,\"name\":\"Cookie Notice\"}]},{\"@type\":\"WebSite\",\"@id\":\"https:\\\/\\\/strategyevolve.com\\\/#website\",\"url\":\"https:\\\/\\\/strategyevolve.com\\\/\",\"name\":\"Strategy Evolve\",\"description\":\"Accelerating Scientific Innovation\",\"publisher\":{\"@id\":\"https:\\\/\\\/strategyevolve.com\\\/#organization\"},\"potentialAction\":[{\"@type\":\"SearchAction\",\"target\":{\"@type\":\"EntryPoint\",\"urlTemplate\":\"https:\\\/\\\/strategyevolve.com\\\/?s={search_term_string}\"},\"query-input\":{\"@type\":\"PropertyValueSpecification\",\"valueRequired\":true,\"valueName\":\"search_term_string\"}}],\"inLanguage\":\"pt-BR\"},{\"@type\":\"Organization\",\"@id\":\"https:\\\/\\\/strategyevolve.com\\\/#organization\",\"name\":\"Strategy Evolve\",\"url\":\"https:\\\/\\\/strategyevolve.com\\\/\",\"logo\":{\"@type\":\"ImageObject\",\"inLanguage\":\"pt-BR\",\"@id\":\"https:\\\/\\\/strategyevolve.com\\\/#\\\/schema\\\/logo\\\/image\\\/\",\"url\":\"https:\\\/\\\/strategyevolve.com\\\/wp-content\\\/uploads\\\/2025\\\/03\\\/logo-final-opcao-1-1.png\",\"contentUrl\":\"https:\\\/\\\/strategyevolve.com\\\/wp-content\\\/uploads\\\/2025\\\/03\\\/logo-final-opcao-1-1.png\",\"width\":340,\"height\":340,\"caption\":\"Strategy Evolve\"},\"image\":{\"@id\":\"https:\\\/\\\/strategyevolve.com\\\/#\\\/schema\\\/logo\\\/image\\\/\"}}]}<\/script>\n<!-- \/ Yoast SEO plugin. -->","yoast_head_json":{"title":"Cookie Notice - Strategy Evolve","robots":{"index":"index","follow":"follow","max-snippet":"max-snippet:-1","max-image-preview":"max-image-preview:large","max-video-preview":"max-video-preview:-1"},"canonical":"https:\/\/strategyevolve.com\/pt\/cookie-notice\/","og_locale":"pt_BR","og_type":"article","og_title":"Cookie Notice - Strategy Evolve","og_description":"Cookie Notice (Portuguese version below \/ vers\u00e3o em portugu\u00eas abaixo) This website uses cookiesWe use cookies to enhance your browsing experience, personalize content, and analyze traffic. You can choose which categories of cookies you want to allow. [Accept all] [Only necessary cookies] [Manage settings] Cookie categories: For more information, see our Privacy Policy. Cookies Este [&hellip;]","og_url":"https:\/\/strategyevolve.com\/pt\/cookie-notice\/","og_site_name":"Strategy Evolve","article_modified_time":"2025-07-28T11:13:43+00:00","twitter_card":"summary_large_image","twitter_misc":{"Est. tempo de leitura":"1 minuto"},"schema":{"@context":"https:\/\/schema.org","@graph":[{"@type":"WebPage","@id":"https:\/\/strategyevolve.com\/cookie-notice\/","url":"https:\/\/strategyevolve.com\/cookie-notice\/","name":"Cookie Notice - Strategy Evolve","isPartOf":{"@id":"https:\/\/strategyevolve.com\/#website"},"datePublished":"2025-07-14T10:57:18+00:00","dateModified":"2025-07-28T11:13:43+00:00","breadcrumb":{"@id":"https:\/\/strategyevolve.com\/cookie-notice\/#breadcrumb"},"inLanguage":"pt-BR","potentialAction":[{"@type":"ReadAction","target":["https:\/\/strategyevolve.com\/cookie-notice\/"]}]},{"@type":"BreadcrumbList","@id":"https:\/\/strategyevolve.com\/cookie-notice\/#breadcrumb","itemListElement":[{"@type":"ListItem","position":1,"name":"Home","item":"https:\/\/strategyevolve.com\/"},{"@type":"ListItem","position":2,"name":"Cookie Notice"}]},{"@type":"WebSite","@id":"https:\/\/strategyevolve.com\/#website","url":"https:\/\/strategyevolve.com\/","name":"Strategy Evolve","description":"Acelerando a Inova\u00e7\u00e3o Cient\u00edfica","publisher":{"@id":"https:\/\/strategyevolve.com\/#organization"},"potentialAction":[{"@type":"SearchAction","target":{"@type":"EntryPoint","urlTemplate":"https:\/\/strategyevolve.com\/?s={search_term_string}"},"query-input":{"@type":"PropertyValueSpecification","valueRequired":true,"valueName":"search_term_string"}}],"inLanguage":"pt-BR"},{"@type":"Organization","@id":"https:\/\/strategyevolve.com\/#organization","name":"Strategy Evolve","url":"https:\/\/strategyevolve.com\/","logo":{"@type":"ImageObject","inLanguage":"pt-BR","@id":"https:\/\/strategyevolve.com\/#\/schema\/logo\/image\/","url":"https:\/\/strategyevolve.com\/wp-content\/uploads\/2025\/03\/logo-final-opcao-1-1.png","contentUrl":"https:\/\/strategyevolve.com\/wp-content\/uploads\/2025\/03\/logo-final-opcao-1-1.png","width":340,"height":340,"caption":"Strategy Evolve"},"image":{"@id":"https:\/\/strategyevolve.com\/#\/schema\/logo\/image\/"}}]}},"_links":{"self":[{"href":"https:\/\/strategyevolve.com\/pt\/wp-json\/wp\/v2\/pages\/500","targetHints":{"allow":["GET"]}}],"collection":[{"href":"https:\/\/strategyevolve.com\/pt\/wp-json\/wp\/v2\/pages"}],"about":[{"href":"https:\/\/strategyevolve.com\/pt\/wp-json\/wp\/v2\/types\/page"}],"author":[{"embeddable":true,"href":"https:\/\/strategyevolve.com\/pt\/wp-json\/wp\/v2\/users\/1"}],"replies":[{"embeddable":true,"href":"https:\/\/strategyevolve.com\/pt\/wp-json\/wp\/v2\/comments?post=500"}],"version-history":[{"count":4,"href":"https:\/\/strategyevolve.com\/pt\/wp-json\/wp\/v2\/pages\/500\/revisions"}],"predecessor-version":[{"id":534,"href":"https:\/\/strategyevolve.com\/pt\/wp-json\/wp\/v2\/pages\/500\/revisions\/534"}],"wp:attachment":[{"href":"https:\/\/strategyevolve.com\/pt\/wp-json\/wp\/v2\/media?parent=500"}],"curies":[{"name":"wp","href":"https:\/\/api.w.org\/{rel}","templated":true}]}}